{"id":251,"date":"2016-08-29T23:30:26","date_gmt":"2016-08-30T02:30:26","guid":{"rendered":"http:\/\/www.genese.med.br\/site\/?page_id=251"},"modified":"2023-03-06T18:07:22","modified_gmt":"2023-03-06T22:07:22","slug":"genese","status":"publish","type":"page","link":"https:\/\/www.genese.med.br\/site\/genese\/","title":{"rendered":"A G\u00eanese"},"content":{"rendered":"<p><img loading=\"lazy\" decoding=\"async\" class=\"alignleft wp-image-375 size-medium\" src=\"http:\/\/www.genese.med.br\/site\/wp-content\/uploads\/2016\/08\/01-300x200.png\" width=\"300\" height=\"200\" srcset=\"https:\/\/www.genese.med.br\/site\/wp-content\/uploads\/2016\/08\/01-300x200.png 300w, https:\/\/www.genese.med.br\/site\/wp-content\/uploads\/2016\/08\/01-768x513.png 768w, https:\/\/www.genese.med.br\/site\/wp-content\/uploads\/2016\/08\/01-1024x684.png 1024w, https:\/\/www.genese.med.br\/site\/wp-content\/uploads\/2016\/08\/01-732x489.png 732w, https:\/\/www.genese.med.br\/site\/wp-content\/uploads\/2016\/08\/01-1140x761.png 1140w, https:\/\/www.genese.med.br\/site\/wp-content\/uploads\/2016\/08\/01.png 2048w\" sizes=\"(max-width: 300px) 100vw, 300px\" \/><\/p>\n<p>Somos especialistas em melhorar a sa\u00fade e o bem-estar das mulheres, fornecendo nossos servi\u00e7os essenciais com responsabilidade e a qualifica\u00e7\u00e3o necess\u00e1ria.<\/p>\n<p>A G\u00eanese Medicina Materno-Fetal traz uma nova vis\u00e3o no tratamento e acompanhamento do bin\u00f4mio m\u00e3e-feto para a regi\u00e3o sul de Mato Grosso, com o Dr. Pedro Luiz \u2013 com especialidade em Medicina-Fetal pela Universidade Federal de S\u00e3o Paulo \u2013 frente a essa nova cl\u00ednica em Rondon\u00f3polis.<\/p>\n<p>&nbsp;<\/p>\n<p>&nbsp;<\/p>\n<p>&nbsp;<\/p>\n<p>&nbsp;<\/p>\n<p>&nbsp;<\/p>\n<h2>Nossa vis\u00e3o, mis\u00e3o e valores.<\/h2>\n<p>Estamos prontos para lhe oferecer um bom atendimento e resultados s\u00f3lidos e<br \/>\nseguros no cuidado da sua sa\u00fade e do seu beb\u00ea.<\/p>\n<ul class=\"tabs-nav clearfix\"><li>Vis\u00e3o Miss\u00e3o e Valores<\/li><\/ul><div class=\"tabs-container\"><br \/>\n<div class=\"tab-content\">Vis\u00e3o<br \/>\nMelhorar o avan\u00e7o regional da sa\u00fade de mulheres, fetos e crian\u00e7as, respaldado por:<br \/>\n&#8211; Pesquisa cient\u00edfica;<br \/>\n&#8211; Educa\u00e7\u00e3o comunit\u00e1ria;<br \/>\n&#8211; Compartilhamento de conhecimento; e<br \/>\n&#8211; Defesa e assegura\u00e7\u00e3o dos direitos \u00e0 saude de todo ser vivo.<\/p>\n<p>Miss\u00e3o<br \/>\nProver atendimento e servi\u00e7o de qualidade, atrav\u00e9s da disposi\u00e7\u00e3o de todo nosso recurso humano e tecnol\u00f3gico, com fim de auxiliar e assegurar aos nossos pacientes \u2014 em sua maioria mulheres \u2014 educa\u00e7\u00e3o, preven\u00e7\u00e3o e seguran\u00e7a ao enfrentar progn\u00f3sticos em nossas \u00e1reas de especializa\u00e7\u00e3o.<\/p>\n<p>Valores<br \/>\nEmpatia, Respeito, Educa\u00e7\u00e3o, Aten\u00e7\u00e3o, Responsabilidade e Excel\u00eancia<br \/>\n<\/div><br \/>\n<\/div>\n<h2 style=\"text-align: center;\">Idealizador da G\u00eanese Medicina Materno-Fetal<\/h2>\n<p style=\"text-align: center;\">Seguiu os passos de seu pai no exceler da medicina e do cuidar. Atua hoje com amplo conhecimento<br \/>\nte\u00f3rico\/pr\u00e1tico moderno e atualizado na \u00e1rea de ginecologia e obstetr\u00edcia e especializa\u00e7\u00e3o em Medicina Fetal.<\/p>\n<div class=\"row\"><br \/>\n<div class=\"col-lg-6 col-md-6 col-sm-6\"><\/p>\n<p style=\"text-align: left;\"><img loading=\"lazy\" decoding=\"async\" class=\"wp-image-329 size-medium aligncenter\" src=\"http:\/\/www.genese.med.br\/site\/wp-content\/uploads\/2016\/08\/Clinica-G\u00eanese-174-225x300.png\" width=\"225\" height=\"300\" srcset=\"https:\/\/www.genese.med.br\/site\/wp-content\/uploads\/2016\/08\/Clinica-G\u00eanese-174-225x300.png 225w, https:\/\/www.genese.med.br\/site\/wp-content\/uploads\/2016\/08\/Clinica-G\u00eanese-174.png 354w\" sizes=\"(max-width: 225px) 100vw, 225px\" \/><\/p>\n<p style=\"text-align: left;\"><\/div><br \/>\n<div class=\"col-lg-6 col-md-6 col-sm-6\"><\/p>\n<h4 style=\"text-align: left;\">Dr. Pedro Luiz Carvalho e Silva<\/h4>\n<hr \/>\n<p>Universidade Gama Filho &#8211; Gradua\u00e7\u00e3o em Medicina<\/p>\n<p>2006-2011<\/p>\n<p>Especialidade (\u00e1rea de atua\u00e7\u00e3o da Ginecologia e Obstetr\u00edcia) em que visa o acompanhamento detalhado de gesta\u00e7\u00f5es, atrav\u00e9s de aconselhamento gen\u00e9tico, ultrassonografia e procedimentos invasivos.<\/p>\n<p>HMVNC &#8211; Resid\u00eancia M\u00e9dica em: Ginecologia e Obstetr\u00edcia<\/p>\n<p>2012-2015<\/p>\n<p>Especialidade (\u00e1rea de atua\u00e7\u00e3o da Ginecologia e Obstetr\u00edcia) em que visa o acompanhamento detalhado de gesta\u00e7\u00f5es, atrav\u00e9s de aconselhamento gen\u00e9tico, ultrassonografia e procedimentos invasivos.<\/p>\n<p>Universidade Federal de S\u00e3o Paulo &#8211; Especializa\u00e7\u00e3o em Medicina Fetal<\/p>\n<p>2015-2016<\/p>\n<p>Especialidade (\u00e1rea de atua\u00e7\u00e3o da Ginecologia e Obstetr\u00edcia) em que visa o acompanhamento detalhado de gesta\u00e7\u00f5es, atrav\u00e9s de aconselhamento gen\u00e9tico, ultrassonografia e procedimentos invasivos.<\/p>\n<p><\/div><br \/>\n<\/div>\n<p>&nbsp;<\/p>\n<h2 style=\"text-align: center;\"><\/h2>\n","protected":false},"excerpt":{"rendered":"<p>Somos especialistas em melhorar a sa\u00fade e o bem-estar das mulheres, fornecendo nossos servi\u00e7os essenciais com responsabilidade e a qualifica\u00e7\u00e3o necess\u00e1ria. A G\u00eanese Medicina Materno-Fetal traz uma nova vis\u00e3o no tratamento e acompanhamento do bin\u00f4mio m\u00e3e-feto para a regi\u00e3o sul de Mato Grosso, com o Dr. Pedro Luiz \u2013 com especialidade em Medicina-Fetal pela Universidade [&hellip;]<\/p>\n","protected":false},"author":1,"featured_media":0,"parent":0,"menu_order":0,"comment_status":"closed","ping_status":"closed","template":"fullwidth-template.php","meta":{"footnotes":""},"_links":{"self":[{"href":"https:\/\/www.genese.med.br\/site\/wp-json\/wp\/v2\/pages\/251"}],"collection":[{"href":"https:\/\/www.genese.med.br\/site\/wp-json\/wp\/v2\/pages"}],"about":[{"href":"https:\/\/www.genese.med.br\/site\/wp-json\/wp\/v2\/types\/page"}],"author":[{"embeddable":true,"href":"https:\/\/www.genese.med.br\/site\/wp-json\/wp\/v2\/users\/1"}],"replies":[{"embeddable":true,"href":"https:\/\/www.genese.med.br\/site\/wp-json\/wp\/v2\/comments?post=251"}],"version-history":[{"count":36,"href":"https:\/\/www.genese.med.br\/site\/wp-json\/wp\/v2\/pages\/251\/revisions"}],"predecessor-version":[{"id":379,"href":"https:\/\/www.genese.med.br\/site\/wp-json\/wp\/v2\/pages\/251\/revisions\/379"}],"wp:attachment":[{"href":"https:\/\/www.genese.med.br\/site\/wp-json\/wp\/v2\/media?parent=251"}],"curies":[{"name":"wp","href":"https:\/\/api.w.org\/{rel}","templated":true}]}}